{"id":1240,"date":"2025-06-04T15:09:33","date_gmt":"2025-06-04T15:09:33","guid":{"rendered":"https:\/\/infinitoopen.com.ar\/?page_id=1240"},"modified":"2025-06-05T16:42:41","modified_gmt":"2025-06-05T16:42:41","slug":"arena","status":"publish","type":"page","link":"https:\/\/infinitoopen.com.ar\/index.php\/arena\/","title":{"rendered":"Arena &#8211; Infinito Open"},"content":{"rendered":"\t\t<div data-elementor-type=\"wp-page\" data-elementor-id=\"1240\" class=\"elementor elementor-1240\">\n\t\t\t\t<div class=\"elementor-element elementor-element-290894f7 elementor-hidden-desktop e-flex e-con-boxed e-con e-parent\" data-id=\"290894f7\" data-element_type=\"container\" data-e-type=\"container\">\n\t\t\t\t\t<div class=\"e-con-inner\">\n\t\t\t\t<div class=\"elementor-element elementor-element-7be6a9e8 elementor-widget__width-initial elementor-widget-mobile__width-initial elementor-widget elementor-widget-image\" data-id=\"7be6a9e8\" data-element_type=\"widget\" data-e-type=\"widget\" data-widget_type=\"image.default\">\n\t\t\t\t<div class=\"elementor-widget-container\">\n\t\t\t\t\t\t\t\t\t\t\t\t\t\t\t<img fetchpriority=\"high\" decoding=\"async\" width=\"1024\" height=\"1004\" src=\"https:\/\/infinitoopen.com.ar\/wp-content\/uploads\/2025\/06\/Arena-13-1024x1004.png\" class=\"attachment-large size-large wp-image-1245\" alt=\"INFINITO-ARENA\" srcset=\"https:\/\/infinitoopen.com.ar\/wp-content\/uploads\/2025\/06\/Arena-13-1024x1004.png 1024w, https:\/\/infinitoopen.com.ar\/wp-content\/uploads\/2025\/06\/Arena-13-300x294.png 300w, https:\/\/infinitoopen.com.ar\/wp-content\/uploads\/2025\/06\/Arena-13-768x753.png 768w, https:\/\/infinitoopen.com.ar\/wp-content\/uploads\/2025\/06\/Arena-13.png 1504w\" sizes=\"(max-width: 1024px) 100vw, 1024px\" \/>\t\t\t\t\t\t\t\t\t\t\t\t\t\t\t<\/div>\n\t\t\t\t<\/div>\n\t\t<div class=\"elementor-element elementor-element-db5da88 e-con-full e-flex e-con e-child\" data-id=\"db5da88\" data-element_type=\"container\" data-e-type=\"container\">\n\t\t\t\t<div class=\"elementor-element elementor-element-1ed811e7 elementor-widget elementor-widget-text-editor\" data-id=\"1ed811e7\" data-element_type=\"widget\" data-e-type=\"widget\" data-widget_type=\"text-editor.default\">\n\t\t\t\t<div class=\"elementor-widget-container\">\n\t\t\t\t\t\t\t\t\t<p><strong>LA INMENSIDAD DE LAS EMOCIONES<\/strong><\/p><p>\u2022 Capacidad indoor para 14.000 espectadores<br \/>\u2022 Espacio outdoor para shows de hasta 50.000 espectadores<br \/>\u2022 Campo y plateas<br \/>\u2022 Sector VIP y executive<br \/>\u2022 Puestos gastron\u00f3micos<\/p><p><strong>INNOVACI\u00d3N PARA EXPERIENCIAS INCRE\u00cdBLES<\/strong><\/p><p>\u2022 Capacidad modulable: de 4.000 a 14.000 espectadores.<br \/>\u2022 Accesos fluidos: ingresos por los 4 v\u00e9rtices, evacuaci\u00f3n r\u00e1pida.<br \/>\u2022 Estacionamiento eficiente: m\u00faltiples accesos vehiculares.<br \/>\u2022 Multiprop\u00f3sito: ideal para conciertos, deportes, convenciones y exposiciones.<br \/>\u2022 Tecnolog\u00eda avanzada: sonido, luces y pantallas adaptables a cada evento.<\/p>\t\t\t\t\t\t\t\t<\/div>\n\t\t\t\t<\/div>\n\t\t\t\t<\/div>\n\t\t\t\t\t<\/div>\n\t\t\t\t<\/div>\n\t\t<div class=\"elementor-element elementor-element-1af25e6 elementor-hidden-mobile e-flex e-con-boxed e-con e-parent\" data-id=\"1af25e6\" data-element_type=\"container\" data-e-type=\"container\">\n\t\t\t\t\t<div class=\"e-con-inner\">\n\t\t<div class=\"elementor-element elementor-element-2afe8a4 e-con-full e-flex e-con e-child\" data-id=\"2afe8a4\" data-element_type=\"container\" data-e-type=\"container\">\n\t\t\t\t<div class=\"elementor-element elementor-element-f58d9b8 elementor-widget elementor-widget-text-editor\" data-id=\"f58d9b8\" data-element_type=\"widget\" data-e-type=\"widget\" data-widget_type=\"text-editor.default\">\n\t\t\t\t<div class=\"elementor-widget-container\">\n\t\t\t\t\t\t\t\t\t<p><strong>LA INMENSIDAD DE LAS EMOCIONES<\/strong><\/p><p>\u2022 Capacidad indoor para 14.000 espectadores<br \/>\u2022 Espacio outdoor para shows de hasta 50.000 espectadores<br \/>\u2022 Campo y plateas<br \/>\u2022 Sector VIP y executive<br \/>\u2022 Puestos gastron\u00f3micos<\/p><p><strong>INNOVACI\u00d3N PARA EXPERIENCIAS INCRE\u00cdBLES<\/strong><\/p><p>\u2022 Capacidad modulable: de 4.000 a 14.000 espectadores.<br \/>\u2022 Accesos fluidos: ingresos por los 4 v\u00e9rtices, evacuaci\u00f3n r\u00e1pida.<br \/>\u2022 Estacionamiento eficiente: m\u00faltiples accesos vehiculares.<br \/>\u2022 Multiprop\u00f3sito: ideal para conciertos, deportes, convenciones y exposiciones.<br \/>\u2022 Tecnolog\u00eda avanzada: sonido, luces y pantallas adaptables a cada evento.<\/p>\t\t\t\t\t\t\t\t<\/div>\n\t\t\t\t<\/div>\n\t\t\t\t<\/div>\n\t\t<div class=\"elementor-element elementor-element-f1b7fa5 e-con-full e-flex e-con e-child\" data-id=\"f1b7fa5\" data-element_type=\"container\" data-e-type=\"container\">\n\t\t\t\t<div class=\"elementor-element elementor-element-7934f2f elementor-widget__width-initial elementor-widget elementor-widget-image\" data-id=\"7934f2f\" data-element_type=\"widget\" data-e-type=\"widget\" data-widget_type=\"image.default\">\n\t\t\t\t<div class=\"elementor-widget-container\">\n\t\t\t\t\t\t\t\t\t\t\t\t\t\t\t<img fetchpriority=\"high\" decoding=\"async\" width=\"1024\" height=\"1004\" src=\"https:\/\/infinitoopen.com.ar\/wp-content\/uploads\/2025\/06\/Arena-13-1024x1004.png\" class=\"attachment-large size-large wp-image-1245\" alt=\"INFINITO-ARENA\" srcset=\"https:\/\/infinitoopen.com.ar\/wp-content\/uploads\/2025\/06\/Arena-13-1024x1004.png 1024w, https:\/\/infinitoopen.com.ar\/wp-content\/uploads\/2025\/06\/Arena-13-300x294.png 300w, https:\/\/infinitoopen.com.ar\/wp-content\/uploads\/2025\/06\/Arena-13-768x753.png 768w, https:\/\/infinitoopen.com.ar\/wp-content\/uploads\/2025\/06\/Arena-13.png 1504w\" sizes=\"(max-width: 1024px) 100vw, 1024px\" \/>\t\t\t\t\t\t\t\t\t\t\t\t\t\t\t<\/div>\n\t\t\t\t<\/div>\n\t\t\t\t<\/div>\n\t\t\t\t\t<\/div>\n\t\t\t\t<\/div>\n\t\t<div class=\"elementor-element elementor-element-76cc2b3 elementor-hidden-desktop e-flex e-con-boxed e-con e-parent\" data-id=\"76cc2b3\" data-element_type=\"container\" data-e-type=\"container\">\n\t\t\t\t\t<div class=\"e-con-inner\">\n\t\t\t\t<div class=\"elementor-element elementor-element-22ac7d79 elementor-widget elementor-widget-image\" data-id=\"22ac7d79\" data-element_type=\"widget\" data-e-type=\"widget\" data-widget_type=\"image.default\">\n\t\t\t\t<div class=\"elementor-widget-container\">\n\t\t\t\t\t\t\t\t\t\t\t\t\t\t\t<img decoding=\"async\" width=\"868\" height=\"154\" data-src=\"https:\/\/infinitoopen.com.ar\/wp-content\/uploads\/2025\/06\/image-9.png\" class=\"attachment-large size-large wp-image-1246 lazyload\" alt=\"ARENA-EVENTOS\" data-srcset=\"https:\/\/infinitoopen.com.ar\/wp-content\/uploads\/2025\/06\/image-9.png 868w, https:\/\/infinitoopen.com.ar\/wp-content\/uploads\/2025\/06\/image-9-300x53.png 300w, https:\/\/infinitoopen.com.ar\/wp-content\/uploads\/2025\/06\/image-9-768x136.png 768w\" data-sizes=\"(max-width: 868px) 100vw, 868px\" src=\"data:image\/gif;base64,R0lGODlhAQABAAAAACH5BAEKAAEALAAAAAABAAEAAAICTAEAOw==\" style=\"--smush-placeholder-width: 868px; --smush-placeholder-aspect-ratio: 868\/154;\" \/>\t\t\t\t\t\t\t\t\t\t\t\t\t\t\t<\/div>\n\t\t\t\t<\/div>\n\t\t<div class=\"elementor-element elementor-element-4cf8bba0 e-con-full e-flex e-con e-child\" data-id=\"4cf8bba0\" data-element_type=\"container\" data-e-type=\"container\">\n\t\t\t\t<div class=\"elementor-element elementor-element-66cbba2b elementor-widget elementor-widget-image\" data-id=\"66cbba2b\" data-element_type=\"widget\" data-e-type=\"widget\" data-widget_type=\"image.default\">\n\t\t\t\t<div class=\"elementor-widget-container\">\n\t\t\t\t\t\t\t\t\t\t\t\t\t\t\t<img decoding=\"async\" width=\"277\" height=\"300\" data-src=\"https:\/\/infinitoopen.com.ar\/wp-content\/uploads\/2025\/05\/Arena-blanco-277x300.png\" class=\"attachment-medium size-medium wp-image-985 lazyload\" alt=\"LOGO-INFINITO-ARENA-ESTADIO-CORDOBA\" data-srcset=\"https:\/\/infinitoopen.com.ar\/wp-content\/uploads\/2025\/05\/Arena-blanco-277x300.png 277w, https:\/\/infinitoopen.com.ar\/wp-content\/uploads\/2025\/05\/Arena-blanco-946x1024.png 946w, https:\/\/infinitoopen.com.ar\/wp-content\/uploads\/2025\/05\/Arena-blanco-768x831.png 768w, https:\/\/infinitoopen.com.ar\/wp-content\/uploads\/2025\/05\/Arena-blanco-1420x1536.png 1420w, https:\/\/infinitoopen.com.ar\/wp-content\/uploads\/2025\/05\/Arena-blanco-1893x2048.png 1893w\" data-sizes=\"(max-width: 277px) 100vw, 277px\" src=\"data:image\/gif;base64,R0lGODlhAQABAAAAACH5BAEKAAEALAAAAAABAAEAAAICTAEAOw==\" style=\"--smush-placeholder-width: 277px; --smush-placeholder-aspect-ratio: 277\/300;\" \/>\t\t\t\t\t\t\t\t\t\t\t\t\t\t\t<\/div>\n\t\t\t\t<\/div>\n\t\t<div class=\"elementor-element elementor-element-39aba9f2 e-con-full e-flex e-con e-child\" data-id=\"39aba9f2\" data-element_type=\"container\" data-e-type=\"container\">\n\t\t\t\t<div class=\"elementor-element elementor-element-70530ebd elementor-align-center elementor-widget elementor-widget-button\" data-id=\"70530ebd\" data-element_type=\"widget\" data-e-type=\"widget\" data-widget_type=\"button.default\">\n\t\t\t\t<div class=\"elementor-widget-container\">\n\t\t\t\t\t\t\t\t\t<div class=\"elementor-button-wrapper\">\n\t\t\t\t\t<a class=\"elementor-button elementor-button-link elementor-size-sm\" href=\"https:\/\/infinitoopen.com.ar\/index.php\/proyectos\/\">\n\t\t\t\t\t\t<span class=\"elementor-button-content-wrapper\">\n\t\t\t\t\t\t\t\t\t<span class=\"elementor-button-text\">Infinito Water Park<\/span>\n\t\t\t\t\t<\/span>\n\t\t\t\t\t<\/a>\n\t\t\t\t<\/div>\n\t\t\t\t\t\t\t\t<\/div>\n\t\t\t\t<\/div>\n\t\t\t\t<div class=\"elementor-element elementor-element-837311 elementor-align-center elementor-widget elementor-widget-button\" data-id=\"837311\" data-element_type=\"widget\" data-e-type=\"widget\" data-widget_type=\"button.default\">\n\t\t\t\t<div class=\"elementor-widget-container\">\n\t\t\t\t\t\t\t\t\t<div class=\"elementor-button-wrapper\">\n\t\t\t\t\t<a class=\"elementor-button elementor-button-link elementor-size-sm\" href=\"https:\/\/infinitoopen.com.ar\/index.php\/infinito-open-mall\/%20\">\n\t\t\t\t\t\t<span class=\"elementor-button-content-wrapper\">\n\t\t\t\t\t\t\t\t\t<span class=\"elementor-button-text\">Infinito Open Mall<\/span>\n\t\t\t\t\t<\/span>\n\t\t\t\t\t<\/a>\n\t\t\t\t<\/div>\n\t\t\t\t\t\t\t\t<\/div>\n\t\t\t\t<\/div>\n\t\t\t\t<\/div>\n\t\t\t\t<\/div>\n\t\t\t\t\t<\/div>\n\t\t\t\t<\/div>\n\t\t<div class=\"elementor-element elementor-element-0005908 elementor-hidden-mobile e-flex e-con-boxed e-con e-parent\" data-id=\"0005908\" data-element_type=\"container\" data-e-type=\"container\">\n\t\t\t\t\t<div class=\"e-con-inner\">\n\t\t<div class=\"elementor-element elementor-element-bbdadc3 e-con-full e-grid e-con e-child\" data-id=\"bbdadc3\" data-element_type=\"container\" data-e-type=\"container\">\n\t\t\t\t<div class=\"elementor-element elementor-element-d7151cd elementor-widget elementor-widget-image\" data-id=\"d7151cd\" data-element_type=\"widget\" data-e-type=\"widget\" data-widget_type=\"image.default\">\n\t\t\t\t<div class=\"elementor-widget-container\">\n\t\t\t\t\t\t\t\t\t\t\t\t\t\t\t<img decoding=\"async\" width=\"868\" height=\"154\" data-src=\"https:\/\/infinitoopen.com.ar\/wp-content\/uploads\/2025\/06\/image-9.png\" class=\"attachment-large size-large wp-image-1246 lazyload\" alt=\"ARENA-EVENTOS\" data-srcset=\"https:\/\/infinitoopen.com.ar\/wp-content\/uploads\/2025\/06\/image-9.png 868w, https:\/\/infinitoopen.com.ar\/wp-content\/uploads\/2025\/06\/image-9-300x53.png 300w, https:\/\/infinitoopen.com.ar\/wp-content\/uploads\/2025\/06\/image-9-768x136.png 768w\" data-sizes=\"(max-width: 868px) 100vw, 868px\" src=\"data:image\/gif;base64,R0lGODlhAQABAAAAACH5BAEKAAEALAAAAAABAAEAAAICTAEAOw==\" style=\"--smush-placeholder-width: 868px; --smush-placeholder-aspect-ratio: 868\/154;\" \/>\t\t\t\t\t\t\t\t\t\t\t\t\t\t\t<\/div>\n\t\t\t\t<\/div>\n\t\t<div class=\"elementor-element elementor-element-ee57f30 e-grid e-con-full e-con e-child\" data-id=\"ee57f30\" data-element_type=\"container\" data-e-type=\"container\">\n\t\t\t\t<div class=\"elementor-element elementor-element-6ca554a elementor-align-center elementor-widget elementor-widget-button\" data-id=\"6ca554a\" data-element_type=\"widget\" data-e-type=\"widget\" data-widget_type=\"button.default\">\n\t\t\t\t<div class=\"elementor-widget-container\">\n\t\t\t\t\t\t\t\t\t<div class=\"elementor-button-wrapper\">\n\t\t\t\t\t<a class=\"elementor-button elementor-button-link elementor-size-sm\" href=\"https:\/\/infinitoopen.com.ar\/index.php\/infinito-open-mall\/\">\n\t\t\t\t\t\t<span class=\"elementor-button-content-wrapper\">\n\t\t\t\t\t\t\t\t\t<span class=\"elementor-button-text\">Infinito Open Mall<\/span>\n\t\t\t\t\t<\/span>\n\t\t\t\t\t<\/a>\n\t\t\t\t<\/div>\n\t\t\t\t\t\t\t\t<\/div>\n\t\t\t\t<\/div>\n\t\t\t\t<div class=\"elementor-element elementor-element-169b1d2 elementor-align-center elementor-widget elementor-widget-button\" data-id=\"169b1d2\" data-element_type=\"widget\" data-e-type=\"widget\" data-widget_type=\"button.default\">\n\t\t\t\t<div class=\"elementor-widget-container\">\n\t\t\t\t\t\t\t\t\t<div class=\"elementor-button-wrapper\">\n\t\t\t\t\t<a class=\"elementor-button elementor-button-link elementor-size-sm\" href=\"https:\/\/infinitoopen.com.ar\/index.php\/proyectos\">\n\t\t\t\t\t\t<span class=\"elementor-button-content-wrapper\">\n\t\t\t\t\t\t\t\t\t<span class=\"elementor-button-text\">Infinito Water Park<\/span>\n\t\t\t\t\t<\/span>\n\t\t\t\t\t<\/a>\n\t\t\t\t<\/div>\n\t\t\t\t\t\t\t\t<\/div>\n\t\t\t\t<\/div>\n\t\t\t\t<\/div>\n\t\t\t\t<\/div>\n\t\t<div class=\"elementor-element elementor-element-d08ded5 e-con-full e-flex e-con e-child\" data-id=\"d08ded5\" data-element_type=\"container\" data-e-type=\"container\">\n\t\t\t\t<div class=\"elementor-element elementor-element-fda4dc7 elementor-invisible elementor-widget elementor-widget-image\" data-id=\"fda4dc7\" data-element_type=\"widget\" data-e-type=\"widget\" data-settings=\"{&quot;_animation&quot;:&quot;zoomIn&quot;}\" data-widget_type=\"image.default\">\n\t\t\t\t<div class=\"elementor-widget-container\">\n\t\t\t\t\t\t\t\t\t\t\t\t\t\t\t<img decoding=\"async\" width=\"277\" height=\"300\" data-src=\"https:\/\/infinitoopen.com.ar\/wp-content\/uploads\/2025\/05\/Arena-blanco-277x300.png\" class=\"attachment-medium size-medium wp-image-985 lazyload\" alt=\"LOGO-INFINITO-ARENA-ESTADIO-CORDOBA\" data-srcset=\"https:\/\/infinitoopen.com.ar\/wp-content\/uploads\/2025\/05\/Arena-blanco-277x300.png 277w, https:\/\/infinitoopen.com.ar\/wp-content\/uploads\/2025\/05\/Arena-blanco-946x1024.png 946w, https:\/\/infinitoopen.com.ar\/wp-content\/uploads\/2025\/05\/Arena-blanco-768x831.png 768w, https:\/\/infinitoopen.com.ar\/wp-content\/uploads\/2025\/05\/Arena-blanco-1420x1536.png 1420w, https:\/\/infinitoopen.com.ar\/wp-content\/uploads\/2025\/05\/Arena-blanco-1893x2048.png 1893w\" data-sizes=\"(max-width: 277px) 100vw, 277px\" src=\"data:image\/gif;base64,R0lGODlhAQABAAAAACH5BAEKAAEALAAAAAABAAEAAAICTAEAOw==\" style=\"--smush-placeholder-width: 277px; --smush-placeholder-aspect-ratio: 277\/300;\" \/>\t\t\t\t\t\t\t\t\t\t\t\t\t\t\t<\/div>\n\t\t\t\t<\/div>\n\t\t\t\t<\/div>\n\t\t\t\t\t<\/div>\n\t\t\t\t<\/div>\n\t\t\t\t<\/div>\n\t\t","protected":false},"excerpt":{"rendered":"<p> [&hellip;]<\/p>\n","protected":false},"author":1,"featured_media":0,"parent":0,"menu_order":0,"comment_status":"closed","ping_status":"closed","template":"","meta":{"_monsterinsights_skip_tracking":false,"_monsterinsights_sitenote_active":false,"_monsterinsights_sitenote_note":"","_monsterinsights_sitenote_category":0,"postBodyCss":"","postBodyMargin":[],"postBodyPadding":[],"postBodyBackground":{"backgroundType":"classic","gradient":""},"_uf_show_specific_survey":0,"_uf_disable_surveys":false,"footnotes":""},"class_list":["post-1240","page","type-page","status-publish","hentry"],"aioseo_notices":[],"_links":{"self":[{"href":"https:\/\/infinitoopen.com.ar\/index.php\/wp-json\/wp\/v2\/pages\/1240","targetHints":{"allow":["GET"]}}],"collection":[{"href":"https:\/\/infinitoopen.com.ar\/index.php\/wp-json\/wp\/v2\/pages"}],"about":[{"href":"https:\/\/infinitoopen.com.ar\/index.php\/wp-json\/wp\/v2\/types\/page"}],"author":[{"embeddable":true,"href":"https:\/\/infinitoopen.com.ar\/index.php\/wp-json\/wp\/v2\/users\/1"}],"replies":[{"embeddable":true,"href":"https:\/\/infinitoopen.com.ar\/index.php\/wp-json\/wp\/v2\/comments?post=1240"}],"version-history":[{"count":42,"href":"https:\/\/infinitoopen.com.ar\/index.php\/wp-json\/wp\/v2\/pages\/1240\/revisions"}],"predecessor-version":[{"id":1463,"href":"https:\/\/infinitoopen.com.ar\/index.php\/wp-json\/wp\/v2\/pages\/1240\/revisions\/1463"}],"wp:attachment":[{"href":"https:\/\/infinitoopen.com.ar\/index.php\/wp-json\/wp\/v2\/media?parent=1240"}],"curies":[{"name":"wp","href":"https:\/\/api.w.org\/{rel}","templated":true}]}}