{"id":362,"date":"2024-09-12T17:55:46","date_gmt":"2024-09-12T17:55:46","guid":{"rendered":"https:\/\/infinitoopen.com.ar\/?page_id=362"},"modified":"2025-06-04T18:33:54","modified_gmt":"2025-06-04T18:33:54","slug":"somos-infinito","status":"publish","type":"page","link":"https:\/\/infinitoopen.com.ar\/index.php\/somos-infinito\/","title":{"rendered":"Somos Infinito"},"content":{"rendered":"\t\t<div data-elementor-type=\"wp-page\" data-elementor-id=\"362\" class=\"elementor elementor-362\">\n\t\t\t\t<div class=\"elementor-element elementor-element-03c62ec e-flex e-con-boxed e-con e-parent\" data-id=\"03c62ec\" data-element_type=\"container\" data-e-type=\"container\">\n\t\t\t\t\t<div class=\"e-con-inner\">\n\t\t<div class=\"elementor-element elementor-element-501d8d5 e-con-full e-flex e-con e-child\" data-id=\"501d8d5\" data-element_type=\"container\" data-e-type=\"container\">\n\t\t\t\t<div class=\"elementor-element elementor-element-ed5b3b0 elementor-widget elementor-widget-text-editor\" data-id=\"ed5b3b0\" data-element_type=\"widget\" data-e-type=\"widget\" data-widget_type=\"text-editor.default\">\n\t\t\t\t<div class=\"elementor-widget-container\">\n\t\t\t\t\t\t\t\t\t<p style=\"color: #ffffff;\" data-start=\"450\" data-end=\"517\"><b>INFINITO NO ES SOLO UN LUGAR. ES UNA FORMA DE PENSAR EL FUTURO.<\/b><\/p>\n<p style=\"color: #ffffff;\" data-start=\"450\" data-end=\"517\">Nacimos con el prop\u00f3sito de crear ecosistemas que trasciendan el tiempo, conecten a las personas y potencien el desarrollo de las regiones en las que trabajamos. Creemos en experiencias que transforman, en espacios que inspiran y en ideas que marcan un antes y un despu\u00e9s.<\/p>\n<p style=\"color: #ffffff;\" data-start=\"793\" data-end=\"1007\">Somos la desarrolladora detr\u00e1s de proyectos \u00fanicos en Argentina como&nbsp;<strong data-start=\"862\" data-end=\"891\">Polo 52 Parque Industrial<\/strong>&nbsp;e&nbsp;<strong data-start=\"894\" data-end=\"911\">Infinito Open<\/strong>, un megaproyecto que re\u00fane entretenimiento, inversi\u00f3n, innovaci\u00f3n y turismo en un solo destino.<\/p>\n<p style=\"color: #ffffff;\" data-start=\"1009\" data-end=\"1149\">Infinito Open es mucho m\u00e1s que un parque o un mall: <strong>es una ciudad de experiencias<\/strong>, donde conviven lo sensorial, lo comercial y lo emocional.<\/p>\n<p style=\"color: #ffffff;\" data-start=\"1151\" data-end=\"1198\">Nuestra forma de hacer es simple pero poderosa<\/p>\n<ul data-start=\"1199\" data-end=\"1343\">\n<li data-start=\"1199\" data-end=\"1237\">\n<p style=\"color: #ffffff;\" data-start=\"1201\" data-end=\"1237\">Dise\u00f1amos con visi\u00f3n a largo plazo<\/p>\n<\/li>\n<li data-start=\"1238\" data-end=\"1279\">\n<p style=\"color: #ffffff;\" data-start=\"1240\" data-end=\"1279\">Construimos con pasi\u00f3n por el detalle<\/p>\n<\/li>\n<li data-start=\"1280\" data-end=\"1343\">\n<p style=\"color: #ffffff;\" data-start=\"1282\" data-end=\"1343\">Apostamos por la innovaci\u00f3n, pero con los pies en la tierra<\/p><\/li>\n<\/ul>\n<p style=\"color: #ffffff;\" data-start=\"1345\" data-end=\"1533\">Somos cordobeses, so\u00f1adores y profesionales. Y sobre todo, estamos convencidos de que&nbsp;<strong data-start=\"1431\" data-end=\"1532\">los grandes cambios se construyen desde adentro hacia afuera, y desde las personas hacia el mundo<\/strong>.<\/p>\t\t\t\t\t\t\t\t<\/div>\n\t\t\t\t<\/div>\n\t\t\t\t<\/div>\n\t\t<div class=\"elementor-element elementor-element-a7d60be e-con-full e-flex e-con e-child\" data-id=\"a7d60be\" data-element_type=\"container\" data-e-type=\"container\">\n\t\t\t\t<div class=\"elementor-element elementor-element-bc97732 elementor-widget elementor-widget-image\" data-id=\"bc97732\" data-element_type=\"widget\" data-e-type=\"widget\" data-widget_type=\"image.default\">\n\t\t\t\t<div class=\"elementor-widget-container\">\n\t\t\t\t\t\t\t\t\t\t\t\t\t\t\t<img fetchpriority=\"high\" decoding=\"async\" width=\"565\" height=\"1024\" src=\"https:\/\/infinitoopen.com.ar\/wp-content\/uploads\/2025\/06\/proyectos-03-565x1024.png\" class=\"attachment-large size-large wp-image-1345\" alt=\"INFINITO-MALL-WATER-PARK\" srcset=\"https:\/\/infinitoopen.com.ar\/wp-content\/uploads\/2025\/06\/proyectos-03-565x1024.png 565w, https:\/\/infinitoopen.com.ar\/wp-content\/uploads\/2025\/06\/proyectos-03-165x300.png 165w, https:\/\/infinitoopen.com.ar\/wp-content\/uploads\/2025\/06\/proyectos-03-768x1393.png 768w, https:\/\/infinitoopen.com.ar\/wp-content\/uploads\/2025\/06\/proyectos-03-847x1536.png 847w, https:\/\/infinitoopen.com.ar\/wp-content\/uploads\/2025\/06\/proyectos-03-1129x2048.png 1129w, https:\/\/infinitoopen.com.ar\/wp-content\/uploads\/2025\/06\/proyectos-03.png 1292w\" sizes=\"(max-width: 565px) 100vw, 565px\" \/>\t\t\t\t\t\t\t\t\t\t\t\t\t\t\t<\/div>\n\t\t\t\t<\/div>\n\t\t\t\t<\/div>\n\t\t\t\t\t<\/div>\n\t\t\t\t<\/div>\n\t\t<div class=\"elementor-element elementor-element-ef67294 e-grid e-con-boxed e-con e-parent\" data-id=\"ef67294\" data-element_type=\"container\" data-e-type=\"container\">\n\t\t\t\t\t<div class=\"e-con-inner\">\n\t\t\t\t<div class=\"elementor-element elementor-element-55176c5 elementor-widget elementor-widget-text-editor\" data-id=\"55176c5\" data-element_type=\"widget\" data-e-type=\"widget\" data-widget_type=\"text-editor.default\">\n\t\t\t\t<div class=\"elementor-widget-container\">\n\t\t\t\t\t\t\t\t\t<p><strong>Bienvenidos a Infinito. Donde los l\u00edmites no existen<\/strong><\/p>\t\t\t\t\t\t\t\t<\/div>\n\t\t\t\t<\/div>\n\t\t\t\t\t<\/div>\n\t\t\t\t<\/div>\n\t\t<div class=\"elementor-element elementor-element-19dede6 e-flex e-con-boxed e-con e-parent\" data-id=\"19dede6\" data-element_type=\"container\" data-e-type=\"container\">\n\t\t\t\t\t<div class=\"e-con-inner\">\n\t\t<div class=\"elementor-element elementor-element-860a93d e-grid e-con-full e-con e-child\" data-id=\"860a93d\" data-element_type=\"container\" data-e-type=\"container\">\n\t\t\t\t<div class=\"elementor-element elementor-element-45e603d elementor-invisible elementor-widget elementor-widget-image\" data-id=\"45e603d\" data-element_type=\"widget\" data-e-type=\"widget\" data-settings=\"{&quot;_animation&quot;:&quot;zoomIn&quot;}\" data-widget_type=\"image.default\">\n\t\t\t\t<div class=\"elementor-widget-container\">\n\t\t\t\t\t\t\t\t\t\t\t\t\t\t\t<img decoding=\"async\" width=\"272\" height=\"300\" data-src=\"https:\/\/infinitoopen.com.ar\/wp-content\/uploads\/2024\/05\/M-web-272x300.png\" class=\"attachment-medium size-medium wp-image-54 lazyload\" alt=\"infinito-open-mall\" data-srcset=\"https:\/\/infinitoopen.com.ar\/wp-content\/uploads\/2024\/05\/M-web-272x300.png 272w, https:\/\/infinitoopen.com.ar\/wp-content\/uploads\/2024\/05\/M-web.png 567w\" data-sizes=\"(max-width: 272px) 100vw, 272px\" src=\"data:image\/gif;base64,R0lGODlhAQABAAAAACH5BAEKAAEALAAAAAABAAEAAAICTAEAOw==\" style=\"--smush-placeholder-width: 272px; --smush-placeholder-aspect-ratio: 272\/300;\" \/>\t\t\t\t\t\t\t\t\t\t\t\t\t\t\t<\/div>\n\t\t\t\t<\/div>\n\t\t\t\t<div class=\"elementor-element elementor-element-041716a elementor-invisible elementor-widget elementor-widget-image\" data-id=\"041716a\" data-element_type=\"widget\" data-e-type=\"widget\" data-settings=\"{&quot;_animation&quot;:&quot;zoomIn&quot;}\" data-widget_type=\"image.default\">\n\t\t\t\t<div class=\"elementor-widget-container\">\n\t\t\t\t\t\t\t\t\t\t\t\t\t\t\t<img decoding=\"async\" width=\"272\" height=\"300\" data-src=\"https:\/\/infinitoopen.com.ar\/wp-content\/uploads\/2024\/05\/WP-Web-1-272x300.png\" class=\"attachment-medium size-medium wp-image-52 lazyload\" alt=\"infinito-water-park\" data-srcset=\"https:\/\/infinitoopen.com.ar\/wp-content\/uploads\/2024\/05\/WP-Web-1-272x300.png 272w, https:\/\/infinitoopen.com.ar\/wp-content\/uploads\/2024\/05\/WP-Web-1.png 567w\" data-sizes=\"(max-width: 272px) 100vw, 272px\" src=\"data:image\/gif;base64,R0lGODlhAQABAAAAACH5BAEKAAEALAAAAAABAAEAAAICTAEAOw==\" style=\"--smush-placeholder-width: 272px; --smush-placeholder-aspect-ratio: 272\/300;\" \/>\t\t\t\t\t\t\t\t\t\t\t\t\t\t\t<\/div>\n\t\t\t\t<\/div>\n\t\t\t\t<div class=\"elementor-element elementor-element-571d271 elementor-invisible elementor-widget elementor-widget-image\" data-id=\"571d271\" data-element_type=\"widget\" data-e-type=\"widget\" data-settings=\"{&quot;_animation&quot;:&quot;zoomIn&quot;}\" data-widget_type=\"image.default\">\n\t\t\t\t<div class=\"elementor-widget-container\">\n\t\t\t\t\t\t\t\t\t\t\t\t\t\t\t<img decoding=\"async\" width=\"272\" height=\"300\" data-src=\"https:\/\/infinitoopen.com.ar\/wp-content\/uploads\/2024\/05\/A-Web-272x300.png\" class=\"attachment-medium size-medium wp-image-53 lazyload\" alt=\"infinito-arena\" data-srcset=\"https:\/\/infinitoopen.com.ar\/wp-content\/uploads\/2024\/05\/A-Web-272x300.png 272w, https:\/\/infinitoopen.com.ar\/wp-content\/uploads\/2024\/05\/A-Web.png 567w\" data-sizes=\"(max-width: 272px) 100vw, 272px\" src=\"data:image\/gif;base64,R0lGODlhAQABAAAAACH5BAEKAAEALAAAAAABAAEAAAICTAEAOw==\" style=\"--smush-placeholder-width: 272px; --smush-placeholder-aspect-ratio: 272\/300;\" \/>\t\t\t\t\t\t\t\t\t\t\t\t\t\t\t<\/div>\n\t\t\t\t<\/div>\n\t\t\t\t<\/div>\n\t\t\t\t\t<\/div>\n\t\t\t\t<\/div>\n\t\t\t\t<\/div>\n\t\t","protected":false},"excerpt":{"rendered":"<p> [&hellip;]<\/p>\n","protected":false},"author":1,"featured_media":0,"parent":0,"menu_order":3,"comment_status":"closed","ping_status":"closed","template":"","meta":{"_monsterinsights_skip_tracking":false,"_monsterinsights_sitenote_active":false,"_monsterinsights_sitenote_note":"","_monsterinsights_sitenote_category":0,"postBodyCss":"","postBodyMargin":[],"postBodyPadding":[],"postBodyBackground":{"backgroundType":"classic","gradient":""},"_uf_show_specific_survey":0,"_uf_disable_surveys":false,"footnotes":""},"class_list":["post-362","page","type-page","status-publish","hentry"],"aioseo_notices":[],"_links":{"self":[{"href":"https:\/\/infinitoopen.com.ar\/index.php\/wp-json\/wp\/v2\/pages\/362","targetHints":{"allow":["GET"]}}],"collection":[{"href":"https:\/\/infinitoopen.com.ar\/index.php\/wp-json\/wp\/v2\/pages"}],"about":[{"href":"https:\/\/infinitoopen.com.ar\/index.php\/wp-json\/wp\/v2\/types\/page"}],"author":[{"embeddable":true,"href":"https:\/\/infinitoopen.com.ar\/index.php\/wp-json\/wp\/v2\/users\/1"}],"replies":[{"embeddable":true,"href":"https:\/\/infinitoopen.com.ar\/index.php\/wp-json\/wp\/v2\/comments?post=362"}],"version-history":[{"count":90,"href":"https:\/\/infinitoopen.com.ar\/index.php\/wp-json\/wp\/v2\/pages\/362\/revisions"}],"predecessor-version":[{"id":1360,"href":"https:\/\/infinitoopen.com.ar\/index.php\/wp-json\/wp\/v2\/pages\/362\/revisions\/1360"}],"wp:attachment":[{"href":"https:\/\/infinitoopen.com.ar\/index.php\/wp-json\/wp\/v2\/media?parent=362"}],"curies":[{"name":"wp","href":"https:\/\/api.w.org\/{rel}","templated":true}]}}